{"id":12700,"date":"2020-02-11T14:52:41","date_gmt":"2020-02-11T14:52:41","guid":{"rendered":"https:\/\/hedman.legal\/contact-us\/"},"modified":"2025-03-17T14:50:56","modified_gmt":"2025-03-17T14:50:56","slug":"vota-uhendust","status":"publish","type":"page","link":"https:\/\/hedman.legal\/et\/vota-uhendust\/","title":{"rendered":"Oleme siin, et teid aidata!"},"content":{"rendered":"\n<p class=\"has-text-align-center\">Kui teil on k\u00fcsimusi, v\u00f5tke meiega julgelt \u00fchendust v\u00f5i broneerige (online) kohtumine.<br><\/p>\n","protected":false},"excerpt":{"rendered":"<p>Kui teil on k\u00fcsimusi, v\u00f5tke meiega julgelt \u00fchendust v\u00f5i broneerige (online) kohtumine.<\/p>\n","protected":false},"author":2,"featured_media":0,"parent":0,"menu_order":0,"comment_status":"closed","ping_status":"closed","template":"templates\/templates-contact.php","meta":{"_acf_changed":false,"_editorskit_title_hidden":false,"_editorskit_reading_time":1,"_editorskit_is_block_options_detached":false,"_editorskit_block_options_position":"{}","footnotes":""},"class_list":["post-12700","page","type-page","status-publish","hentry"],"acf":[],"_links":{"self":[{"href":"https:\/\/hedman.legal\/et\/wp-json\/wp\/v2\/pages\/12700","targetHints":{"allow":["GET"]}}],"collection":[{"href":"https:\/\/hedman.legal\/et\/wp-json\/wp\/v2\/pages"}],"about":[{"href":"https:\/\/hedman.legal\/et\/wp-json\/wp\/v2\/types\/page"}],"author":[{"embeddable":true,"href":"https:\/\/hedman.legal\/et\/wp-json\/wp\/v2\/users\/2"}],"replies":[{"embeddable":true,"href":"https:\/\/hedman.legal\/et\/wp-json\/wp\/v2\/comments?post=12700"}],"version-history":[{"count":17,"href":"https:\/\/hedman.legal\/et\/wp-json\/wp\/v2\/pages\/12700\/revisions"}],"predecessor-version":[{"id":20349,"href":"https:\/\/hedman.legal\/et\/wp-json\/wp\/v2\/pages\/12700\/revisions\/20349"}],"wp:attachment":[{"href":"https:\/\/hedman.legal\/et\/wp-json\/wp\/v2\/media?parent=12700"}],"curies":[{"name":"wp","href":"https:\/\/api.w.org\/{rel}","templated":true}]}}