{"id":12705,"date":"2020-02-03T11:17:44","date_gmt":"2020-02-03T11:17:44","guid":{"rendered":"https:\/\/hedman.legal\/about-us\/"},"modified":"2023-06-26T11:14:16","modified_gmt":"2023-06-26T11:14:16","slug":"meist","status":"publish","type":"page","link":"https:\/\/hedman.legal\/et\/meist\/","title":{"rendered":"Meist"},"content":{"rendered":"\n<h2 class=\"wp-block-heading\">#teamHedman<\/h2>\n\n\n\n<div style=\"height:30px\" aria-hidden=\"true\" class=\"wp-block-spacer\"><\/div>\n\n\n\n<div style=\"height:30px\" aria-hidden=\"true\" class=\"wp-block-spacer\"><\/div>\n\n\n\n<p><strong>Oleme uue p\u00f5lvkonna advokaadib\u00fcroona p\u00fchendunud tehnoloogiap\u00f5histe ja digitaalse suunitlusega \u00e4ri\u00fchingute n\u00f5ustamisele.<\/strong> Teeme tihedat koost\u00f6\u00f6d tehnoloogiasektori ettev\u00f5tete, ettev\u00f5tjate ning investoritega, t\u00e4nu millele oleme kasvanud \u00fcheks selle valdkonna juhtivaks ja suurima ekspertide meeskonnaga \u00f5igusb\u00fcrooks.<\/p>\n\n\n\n<p>Meie meeskonna asjatundlikkus on v\u00f5rreldamatu kapitali kaasamise, \u00e4ri\u00fchingu\u00f5iguse, \u00fchinemis- ja omandamistehingute, andmekaitse ja privaatsuss\u00e4tete, intellektuaalomandi, t\u00e4rkavate tehnoloogiate ja \u00e4ri\u00fchingute asukohamuutuste (sh aktsiavahetuste) alal.&nbsp;<\/p>\n\n\n\n<div style=\"height:30px\" aria-hidden=\"true\" class=\"wp-block-spacer\"><\/div>\n\n\n\n<p><\/p>\n\n\n\n<div style=\"height:30px\" aria-hidden=\"true\" class=\"wp-block-spacer\"><\/div>\n","protected":false},"excerpt":{"rendered":"<p>#teamHedman Oleme uue p\u00f5lvkonna advokaadib\u00fcroona p\u00fchendunud tehnoloogiap\u00f5histe ja digitaalse suunitlusega \u00e4ri\u00fchingute n\u00f5ustamisele. Teeme tihedat koost\u00f6\u00f6d tehnoloogiasektori ettev\u00f5tete, ettev\u00f5tjate ning investoritega, t\u00e4nu millele oleme kasvanud \u00fcheks selle valdkonna juhtivaks ja suurima ekspertide meeskonnaga \u00f5igusb\u00fcrooks. Meie meeskonna asjatundlikkus on v\u00f5rreldamatu kapitali kaasamise, \u00e4ri\u00fchingu\u00f5iguse, \u00fchinemis- ja omandamistehingute, andmekaitse ja privaatsuss\u00e4tete, intellektuaalomandi, t\u00e4rkavate tehnoloogiate ja \u00e4ri\u00fchingute asukohamuutuste (sh aktsiavahetuste) [&hellip;]<\/p>\n","protected":false},"author":2,"featured_media":0,"parent":0,"menu_order":0,"comment_status":"closed","ping_status":"closed","template":"templates\/template-about.php","meta":{"_acf_changed":false,"_editorskit_title_hidden":false,"_editorskit_reading_time":1,"_editorskit_is_block_options_detached":false,"_editorskit_block_options_position":"{}","footnotes":""},"class_list":["post-12705","page","type-page","status-publish","hentry"],"acf":[],"_links":{"self":[{"href":"https:\/\/hedman.legal\/et\/wp-json\/wp\/v2\/pages\/12705","targetHints":{"allow":["GET"]}}],"collection":[{"href":"https:\/\/hedman.legal\/et\/wp-json\/wp\/v2\/pages"}],"about":[{"href":"https:\/\/hedman.legal\/et\/wp-json\/wp\/v2\/types\/page"}],"author":[{"embeddable":true,"href":"https:\/\/hedman.legal\/et\/wp-json\/wp\/v2\/users\/2"}],"replies":[{"embeddable":true,"href":"https:\/\/hedman.legal\/et\/wp-json\/wp\/v2\/comments?post=12705"}],"version-history":[{"count":23,"href":"https:\/\/hedman.legal\/et\/wp-json\/wp\/v2\/pages\/12705\/revisions"}],"predecessor-version":[{"id":18248,"href":"https:\/\/hedman.legal\/et\/wp-json\/wp\/v2\/pages\/12705\/revisions\/18248"}],"wp:attachment":[{"href":"https:\/\/hedman.legal\/et\/wp-json\/wp\/v2\/media?parent=12705"}],"curies":[{"name":"wp","href":"https:\/\/api.w.org\/{rel}","templated":true}]}}