{"id":12722,"date":"2019-11-18T13:35:50","date_gmt":"2019-11-18T13:35:50","guid":{"rendered":"https:\/\/hedman.legal\/privacy-policy\/"},"modified":"2024-04-10T14:20:14","modified_gmt":"2024-04-10T14:20:14","slug":"andmetootluse-teavitus","status":"publish","type":"page","link":"https:\/\/hedman.legal\/et\/andmetootluse-teavitus\/","title":{"rendered":"Andmet\u00f6\u00f6tluse teavitus"},"content":{"rendered":"\n<p>Teavituses\nselgitatakse, kuidas Hedman Partners t\u00f6\u00f6tleb kasutajate (edaspidi \u201e<strong>teie<\/strong>\u201d)\nisikuandmeid seoses Hedman Partnersi kontaktvormi ja uudiskirja. Lisaks\nt\u00f6\u00f6tleme isikuandmeid, kui vastate v\u00e4rbamisteadetele meie veebilehel.<\/p>\n\n\n\n<p>Isikuandmete vastutav t\u00f6\u00f6tleja on Hedman Partners &amp; CO O\u00dc, registrikood 11978387, aadress Rotermanni tn 8, 10111 Tallinn, e-posti aadress info@hedman.legal (edaspidi <strong>\u201cHedman Partners\u201d<\/strong> v\u00f5i <strong>\u201cmeie\u201d<\/strong>).<\/p>\n\n\n\n<p class=\"has-medium-font-size\"><strong>T\u00f6\u00f6deldavad isikuandmeid<\/strong><\/p>\n\n\n\n<p>Kogume\nkasutajate nimesid, e-posti aadresse ja esitatud k\u00fcsimusi v\u00f5i p\u00f6\u00f6rdumisi.\nPalume teil mitte lisada kontaktvormi kaudu \u00fclem\u00e4\u00e4rast isiklikku teavet.<\/p>\n\n\n\n<p>Samuti kogume teie nime, e-posti, LinkedIni URL-i ja CV, kui kandideerite meile t\u00f6\u00f6le v\u00f5i praktikale.<\/p>\n\n\n\n<p class=\"has-medium-font-size\"><strong>Isikuandmete t\u00f6\u00f6tlemise eesm\u00e4rgid<\/strong><\/p>\n\n\n\n<p>Kasutame\nkontaktvormis esitatud kontaktteavet ja p\u00f6\u00f6rdumist, et saaksime teie\nk\u00fcsimustele vastata. Samuti v\u00f5ime saata teile teateid meie teenuse kohta.<\/p>\n\n\n\n<p>V\u00e4rbamisprotsessi\najal vaatame \u00fcle teie LinkedIni profiili ja CV v\u00f5imalike kandidaatide\nvalimiseks. Kasutame teie kontaktandmeid teiega \u00fchenduse v\u00f5tmiseks.<\/p>\n\n\n\n<p class=\"has-medium-font-size\"><strong>\u00d5iguslik alus<\/strong><\/p>\n\n\n\n<p>T\u00f6\u00f6tlemine on vajalik andmesubjekti taotlusel enne lepingu s\u00f5lmimist toimingute tegemiseks.<br><br>Meie uudiskirja ja teenuste info saatmise \u00f5iguslik alus on n\u00f5usolek. <\/p>\n\n\n\n<p class=\"has-medium-font-size\"><strong>Isikuandmete hoiustamine<\/strong><\/p>\n\n\n\n<p>Kasutame vajalikke tehnilisi ja korralduslikke turvameetmeid, et kaitsta teie isikuandmeid juhusliku v\u00f5i ebaseadusliku h\u00e4vitamise, kaotamise v\u00f5i muutmise eest ning volitamata avaldamise, kuritarvitamise v\u00f5i muu t\u00f6\u00f6tlemise eest, rikkudes kehtivaid seadusi. Teie esitatud teave salvestatakse meie enda v\u00f5i \u00fche meie \u00e4ripartneri turvalisse serverisse Euroopa Liidus.<\/p>\n\n\n\n<p class=\"has-medium-font-size\"><strong>S\u00e4ilitamine<\/strong><\/p>\n\n\n\n<p>Tavaliselt\ns\u00e4ilitame kasutajate isikuandmeid \u00fche aasta jooksul p\u00e4rast veebilehe kaudu\np\u00e4ringu tegemist. Kustutame isikuandmed p\u00e4rast \u00fclalkirjeldatud s\u00e4ilitusperioodi\nv\u00f5i siis, kui palute meil isikuandmed kustutada. Vaidluse korral s\u00e4ilitatakse\nisikuandmeid kokkuleppe saavutamiseni v\u00f5i n\u00f5ude t\u00e4htaja saabumiseni.<\/p>\n\n\n\n<p>Meil\non \u00f5igus s\u00e4ilitada t\u00f6\u00f6le v\u00f5i praktikale kandideerijate isikuandmeid kuni \u00fche\naasta jooksul p\u00e4rast vastava koha t\u00e4itmist.<\/p>\n\n\n\n<p class=\"has-medium-font-size\"><strong>Avalikustamine kolmandatele osapooltele<\/strong><\/p>\n\n\n\n<p>Teie esitatud andmeid ei kuvata ega jagata teistele kasutajatele. Teatud t\u00f6\u00f6tajatel on juurdep\u00e4\u00e4s isikuandmetele ulatuses, mis on vajalik nende t\u00f6\u00f6\u00fclesannete t\u00e4itmiseks.<\/p>\n\n\n\n<p class=\"has-medium-font-size\"><strong>Isikuandmetega seotud \u00f5igused<\/strong><\/p>\n\n\n\n<p><strong>Juurdep\u00e4\u00e4su\u00f5igus. <\/strong>V\u00f5ite saada teavet oma isikuandmete kohta.<\/p>\n\n\n\n<p><strong>\u00d5igus andmete teisaldatavusele.<\/strong> Teil on \u00f5igus saada meilt oma isikuandmeid struktureeritud, tavaliselt kasutatavas ja masinloetavas vormingus ning edastada neid andmeid iseseisvalt kolmandale osapoolele.<\/p>\n\n\n\n<p><strong>Kustutamis\u00f5igus.<\/strong> Teil on \u00f5igus, et teie kohta t\u00f6\u00f6deldavad isikuandmed kustutataks meie s\u00fcsteemidest, kui isikuandmeid pole nendega seotud eesm\u00e4rkidel enam vaja.<\/p>\n\n\n\n<p><strong>\u00d5igus\nparandustele.<\/strong> Teil on \u00f5igus\nparandada isikuandmeid, mida me kontaktvormile vastamise v\u00f5i v\u00e4rbamise ajal\nt\u00f6\u00f6tleme.<\/p>\n\n\n\n<p>\u00dclalnimetatud\n\u00f5iguste kasutamiseks peaks kasutaja v\u00f5tma \u00fchendust meie klienditoega. Vastame\nteie taotlustele 30 p\u00e4eva jooksul.<\/p>\n\n\n\n<p class=\"has-medium-font-size\"><strong>E-kirjad<\/strong><\/p>\n\n\n\n<p>Kui tellite meie uudiskirja ja\/v\u00f5i n\u00e4idisdokumendi, saadame teile teateid, uudiseid v\u00f5i muud Hedman Partnersiga seotud teavet. V\u00f5ite meie e-kirjadest loobuda, kl\u00f5psates nupul \u201eUnsubscribe\u201d.<\/p>\n\n\n\n<p class=\"has-medium-font-size\"><strong>K\u00fcpsised<\/strong><\/p>\n\n\n\n<p>K\u00fcpsis on v\u00e4ike tekstifail, mille veebileht salvestab teie arvutisse v\u00f5i mobiiliseadmesse, kui te veebilehte k\u00fclastate. See v\u00f5imaldab veebilehel meeles pidada teie tegevusi ja eelistusi (n\u00e4iteks keel, fondi suurus, ekraanieelistused, IP aadress, seade).<\/p>\n\n\n\n<p>K\u00fcpsised v\u00f5imaldavad meil j\u00e4lgida veebilehe liiklust ning kasutajate suhtlust veebilehega ning anal\u00fc\u00fcsida k\u00fclastajate k\u00e4itumist ja parandada k\u00fclastajate kogemust.<\/p>\n\n\n\n<p>\u00d5iguslik alus k\u00fcpsiste kasutamiseks on meie \u00f5igustatud huvi tagada veebilehe tehniline funktsionaalsus. Kui k\u00fcpsiseid kasutatakse teie valikute meeles pidamiseks v\u00f5i statistilistel eesm\u00e4rkidel, siis on \u00f5iguslikuks aluseks teie n\u00f5usolek.<\/p>\n\n\n\n<p>Kogu vajalik informatsioon kasutatavate k\u00fcpsiste kohta ning teie valikuv\u00f5imaluste kohta on kuvatud k\u00fcpsiste seadete aknas, mille saate igal ajal avada meie veebilehe all paremas nurgas.<\/p>\n\n\n\n<p class=\"has-medium-font-size\"><strong>Vaidluste lahendamine<\/strong><\/p>\n\n\n\n<p>K\u00fcsimuste korral v\u00f5tke meiega \u00fchendust e-posti aadressil <a href=\"mailto:info@hedman.legal\" target=\"_blank\" aria-label=\"info@hedman.legal (opens in a new tab)\" rel=\"noreferrer noopener\" class=\"rank-math-link\">info@hedman.legal<\/a>. J\u00e4relevalveasutus on <a aria-label=\"Eesti Andmekaitse Inspektsioon (opens in a new tab)\" rel=\"noreferrer noopener\" href=\"https:\/\/www.aki.ee\/et\" target=\"_blank\" class=\"ek-link\">Eesti Andmekaitse Inspektsioon<\/a> (info@aki.ee).<\/p>\n","protected":false},"excerpt":{"rendered":"<p>Teavituses selgitatakse, kuidas Hedman Partners t\u00f6\u00f6tleb kasutajate (edaspidi \u201eteie\u201d) isikuandmeid seoses Hedman Partnersi kontaktvormi ja uudiskirja. Lisaks t\u00f6\u00f6tleme isikuandmeid, kui vastate v\u00e4rbamisteadetele meie veebilehel. Isikuandmete vastutav t\u00f6\u00f6tleja on Hedman Partners &amp; CO O\u00dc, registrikood 11978387, aadress Rotermanni tn 8, 10111 Tallinn, e-posti aadress info@hedman.legal (edaspidi \u201cHedman Partners\u201d v\u00f5i \u201cmeie\u201d). T\u00f6\u00f6deldavad isikuandmeid Kogume kasutajate nimesid, e-posti [&hellip;]<\/p>\n","protected":false},"author":2,"featured_media":0,"parent":0,"menu_order":0,"comment_status":"closed","ping_status":"open","template":"","meta":{"_acf_changed":false,"_editorskit_title_hidden":false,"_editorskit_reading_time":1,"_editorskit_is_block_options_detached":false,"_editorskit_block_options_position":"{}","footnotes":""},"class_list":["post-12722","page","type-page","status-publish","hentry"],"acf":[],"_links":{"self":[{"href":"https:\/\/hedman.legal\/et\/wp-json\/wp\/v2\/pages\/12722","targetHints":{"allow":["GET"]}}],"collection":[{"href":"https:\/\/hedman.legal\/et\/wp-json\/wp\/v2\/pages"}],"about":[{"href":"https:\/\/hedman.legal\/et\/wp-json\/wp\/v2\/types\/page"}],"author":[{"embeddable":true,"href":"https:\/\/hedman.legal\/et\/wp-json\/wp\/v2\/users\/2"}],"replies":[{"embeddable":true,"href":"https:\/\/hedman.legal\/et\/wp-json\/wp\/v2\/comments?post=12722"}],"version-history":[{"count":10,"href":"https:\/\/hedman.legal\/et\/wp-json\/wp\/v2\/pages\/12722\/revisions"}],"predecessor-version":[{"id":19838,"href":"https:\/\/hedman.legal\/et\/wp-json\/wp\/v2\/pages\/12722\/revisions\/19838"}],"wp:attachment":[{"href":"https:\/\/hedman.legal\/et\/wp-json\/wp\/v2\/media?parent=12722"}],"curies":[{"name":"wp","href":"https:\/\/api.w.org\/{rel}","templated":true}]}}