{"id":19712,"date":"2024-03-08T06:31:48","date_gmt":"2024-03-08T06:31:48","guid":{"rendered":"https:\/\/hedman.legal\/koolitused-header-part\/"},"modified":"2024-03-08T06:31:49","modified_gmt":"2024-03-08T06:31:49","slug":"koolitused-header-part","status":"publish","type":"page","link":"https:\/\/hedman.legal\/et\/koolitused-header-part\/","title":{"rendered":"Koolitused header part"},"content":{"rendered":"\n<div class=\"wp-block-cover koolitused-hero\"><span aria-hidden=\"true\" class=\"wp-block-cover__background has-white-background-color has-background-dim-10 has-background-dim\"><\/span><video class=\"wp-block-cover__video-background intrinsic-ignore\" autoplay muted loop playsinline src=\"https:\/\/hedman.legal\/wp-content\/uploads\/2023\/12\/koolitused-globe-hero.mp4\" data-object-fit=\"cover\"><\/video><div class=\"wp-block-cover__inner-container is-layout-constrained wp-block-cover-is-layout-constrained\">\n<h1 class=\"wp-block-heading has-text-align-center has-black-color has-text-color has-link-color wp-elements-f4f9960a8bf1b3a7725fc00cce7242d3\">Tere tulemast <br\/>Hedmani Akadeemiasse<\/h1>\n\n\n<div class=\"wp-block-safe-svg-svg-icon safe-svg-cover\" style=\"text-align: left;\">\n\t\t\t\t<div class=\"safe-svg-inside safe-svg-inline koolitused-hero-icon hero-svg-koolitus\" style=\"width: 108.44px; height: 123.72px; background-color: var(--wp--preset--color--); color: var(--wp--preset--color--); padding-top: ; padding-right: ; padding-bottom: ; padding-left: ; margin-top: ; margin-right: ; margin-bottom: ; margin-left: ;\"><?xml version=\"1.0\" encoding=\"UTF-8\"?> <svg xmlns=\"http:\/\/www.w3.org\/2000\/svg\" viewBox=\"0 0 108.44 123.72\"><defs><style>.cls-1{fill:#e4e1e5;}.cls-2{fill:#f7d07d;}<\/style><\/defs><title>Asset 2<\/title><g id=\"Layer_2\" data-name=\"Layer 2\"><g id=\"Layer_1-2\" data-name=\"Layer 1\"><polygon class=\"cls-1\" points=\"5.4 123.72 0 123.72 0 76.57 5.4 74.69 5.4 123.72\"><\/polygon><polygon class=\"cls-1\" points=\"16.41 120.08 11.02 120.08 11.02 72.92 16.41 71.04 16.41 120.08\"><\/polygon><polygon class=\"cls-1\" points=\"28.02 116.65 22.62 116.65 22.62 69.5 28.02 67.61 28.02 116.65\"><\/polygon><polygon class=\"cls-1\" points=\"39.98 112.22 34.58 112.22 34.58 65.07 39.98 63.19 39.98 112.22\"><\/polygon><polygon class=\"cls-1\" points=\"51.47 108.8 46.07 108.8 46.07 61.64 51.47 59.76 51.47 108.8\"><\/polygon><polygon class=\"cls-1\" points=\"62.5 105.75 57.1 105.75 57.1 58.59 62.5 56.71 62.5 105.75\"><\/polygon><polygon class=\"cls-1\" points=\"73.08 101.88 67.69 101.88 67.69 54.73 73.08 52.84 73.08 101.88\"><\/polygon><polygon class=\"cls-1\" points=\"85.02 98.65 79.63 98.65 79.63 51.5 85.02 49.61 85.02 98.65\"><\/polygon><polygon class=\"cls-1\" points=\"96.99 94.13 91.59 94.13 91.59 46.98 96.99 45.09 96.99 94.13\"><\/polygon><polygon class=\"cls-1\" points=\"108.44 91.05 103.05 91.05 103.05 43.9 108.44 42.01 108.44 91.05\"><\/polygon><polygon class=\"cls-2\" points=\"108.44 81.71 108.44 81.71 108.44 42.01 103.05 43.9 103.05 32.67 108.44 34.55 108.44 81.71\"><\/polygon><polygon class=\"cls-1\" points=\"108.44 81.71 103.05 81.71 103.05 43.9 108.44 42.01 108.44 81.71\"><\/polygon><polygon class=\"cls-2\" points=\"91.59 78.06 91.49 78.06 91.49 29.03 96.89 30.91 96.89 45.13 91.59 46.98 91.59 78.06\"><\/polygon><polygon class=\"cls-1\" points=\"96.89 78.06 91.59 78.06 91.59 46.98 96.89 45.13 96.89 78.06\"><\/polygon><polygon class=\"cls-2\" points=\"85.02 74.64 85.02 74.64 85.02 49.61 79.63 51.5 79.63 25.6 85.02 27.48 85.02 74.64\"><\/polygon><polygon class=\"cls-1\" points=\"85.02 74.64 79.63 74.64 79.63 51.5 85.02 49.61 85.02 74.64\"><\/polygon><polygon class=\"cls-2\" points=\"73.08 70.21 73.08 70.21 73.08 52.84 67.69 54.73 67.69 21.17 73.08 23.05 73.08 70.21\"><\/polygon><polygon class=\"cls-1\" points=\"73.08 70.21 67.69 70.21 67.69 54.73 73.08 52.84 73.08 70.21\"><\/polygon><polygon class=\"cls-2\" points=\"62.5 66.78 62.5 66.78 62.5 56.71 57.1 58.59 57.1 17.74 62.5 19.63 62.5 66.78\"><\/polygon><polygon class=\"cls-1\" points=\"62.5 66.78 57.1 66.78 57.1 58.59 62.5 56.71 62.5 66.78\"><\/polygon><polygon class=\"cls-2\" points=\"51.47 63.73 51.47 63.73 51.47 59.76 46.07 61.64 46.07 14.7 51.47 16.58 51.47 63.73\"><\/polygon><polygon class=\"cls-1\" points=\"51.47 63.73 46.07 63.73 46.07 61.64 51.47 59.76 51.47 63.73\"><\/polygon><polygon class=\"cls-2\" points=\"40.76 59.87 35.36 59.87 35.36 10.83 40.76 12.71 40.76 59.87\"><\/polygon><polygon class=\"cls-2\" points=\"28.82 56.64 23.42 56.64 23.42 7.6 28.82 9.48 28.82 56.64\"><\/polygon><polygon class=\"cls-2\" points=\"16.85 52.12 11.46 52.12 11.46 3.08 16.85 4.96 16.85 52.12\"><\/polygon><polygon class=\"cls-2\" points=\"5.4 49.04 0 49.04 0 0 5.4 1.88 5.4 49.04\"><\/polygon><\/g><\/g><\/svg> <\/div>\n\t\t\t<\/div>\n\n\n<div class=\"tb-button contactusbtn helebtn aligncenter\" data-toolset-blocks-button=\"0e6e5a45dced74eb47c634986ab4952c\"><a class=\"tb-button__link\" href=\"https:\/\/hedman.legal\/et\/vota-uhendust\/\"><i class=\"tb-button__icon\"><\/i><span class=\"tb-button__content\">SAATKE P\u00c4RING<\/span><\/a><\/div>\n<\/div><\/div>\n\n<div class=\"wp-block-toolset-blocks-container tb-container tagaside-koolitus\" data-toolset-blocks-container=\"17b1d6fef35dc085f826635b350f29a9\">\n<h2 class=\"wp-block-heading has-text-align-center\"><strong>Meid usaldavad juba t\u00e4na:<\/strong><\/h2>\n\n\n\n<div class=\"wp-block-cloudcatch-splide-carousel wp-block-splide-carousel__container\"><figure class=\"wp-block-splide-carousel splide\" data-splide=\"{&quot;type&quot;:&quot;loop&quot;,&quot;perPage&quot;:1,&quot;speed&quot;:&quot;400&quot;,&quot;gap&quot;:&quot;0px&quot;,&quot;fixedWidth&quot;:&quot;&quot;,&quot;autoWidth&quot;:false,&quot;perMove&quot;:1,&quot;direction&quot;:&quot;ltr&quot;,&quot;fixedHeight&quot;:&quot;&quot;,&quot;height&quot;:&quot;&quot;,&quot;arrows&quot;:false,&quot;pagination&quot;:true,&quot;autoplay&quot;:false,&quot;interval&quot;:&quot;5000&quot;,&quot;pauseOnHover&quot;:true,&quot;mediaQuery&quot;:&quot;max&quot;,&quot;breakpoints&quot;:{&quot;599&quot;:{&quot;perPage&quot;:1},&quot;1079&quot;:{&quot;perPage&quot;:1}}}\" data-splide-extensions=\"{&quot;autoScroll&quot;:false,&quot;urlHash&quot;:false,&quot;grid&quot;:false}\"><div class=\"wp-block-splide-carousel__track splide__track\"><div class=\"wp-block-splide-carousel__list splide__list\">\n<div class=\"wp-block-cloudcatch-splide-carousel-item wp-block-splide-carousel__slide splide__slide\"><div class=\"wp-block-image\">\n<figure class=\" tb-image tb-image-dynamic tb-image-frame-none koolitus-testimonial-pilt aligncenter\" data-toolset-blocks-image=\"0e7cb6bd104a36e4404228499460c2f2\"><img decoding=\"async\" width=\"150\" height=\"150\" loading=\"lazy\" src=\"https:\/\/hedman.legal\/wp-content\/uploads\/2023\/12\/planet42-testimonial-150x150.png\" alt=\"\" class=\"wp-image-18948\" srcset=\"https:\/\/hedman.legal\/wp-content\/uploads\/2023\/12\/planet42-testimonial-150x150.png 150w, https:\/\/hedman.legal\/wp-content\/uploads\/2023\/12\/planet42-testimonial.png 225w\" sizes=\"auto, (max-width: 150px) 100vw, 150px\" \/><\/figure>\n<\/div>\n\n\n<p class=\"testimanial-txt\">J\u00e4ime GDPR koolitusega v\u00e4ga rahule. See oli ideaalne sissejuhatus sellesse, mida isikuandmete kaitse \u00fcldiselt t\u00e4hendab ning mida oma igap\u00e4evat\u00f6\u00f6s t\u00e4hele panna, et oleksime m\u00e4\u00e4rusega koosk\u00f5las. Lisaks aitas Andres Ojaver meil ka m\u00f5ista, millised n\u00f5uded rakenduvad spetsiifiliselt meie ettev\u00f5ttele, kuna tegutseme ka GDPR v\u00e4lises \u00f5igusruumis. Andres osales v\u00e4ga aktiivselt koolituse ettevalmistamisel ning vastas k\u00f5ikidele k\u00fcsimustele \u00fclikiirelt. Ta paistis k\u00f5ikide teiste koolitajate seast v\u00e4lja ja me soovime temaga kindlasti ka edaspidi koost\u00f6\u00f6d j\u00e4tkata.<\/p>\n\n\n\n<p class=\"testimonail-nimi\">Planet42<\/p>\n<\/div>\n\n\n\n<div class=\"wp-block-cloudcatch-splide-carousel-item wp-block-splide-carousel__slide splide__slide\"><div class=\"wp-block-image\">\n<figure class=\" tb-image tb-image-dynamic tb-image-frame-none koolitus-testimonial-pilt aligncenter\" data-toolset-blocks-image=\"68fdd4d8b4ca31222614b8bdf569cf99\"><img decoding=\"async\" width=\"150\" height=\"150\" loading=\"lazy\" src=\"https:\/\/hedman.legal\/wp-content\/uploads\/2023\/12\/best-internet-tootuba-150x150.png\" alt=\"\" class=\"wp-image-19223\"\/><\/figure>\n<\/div>\n\n\n<p class=\"testimanial-txt\">Meeldisid praktilised n\u00e4pun\u00e4ited ning aktuaalsed teemad.<\/p>\n\n\n\n<p class=\"testimonail-nimi\">Best Internet 2023 andmekaitse t\u00f6\u00f6tuba<\/p>\n<\/div>\n\n\n\n<div class=\"wp-block-cloudcatch-splide-carousel-item wp-block-splide-carousel__slide splide__slide\"><div class=\"wp-block-image\">\n<figure class=\" tb-image tb-image-dynamic tb-image-frame-none koolitus-testimonial-pilt aligncenter\" data-toolset-blocks-image=\"6162d8263d632e2796eee2e66789aeda\"><img decoding=\"async\" width=\"150\" height=\"150\" loading=\"lazy\" src=\"https:\/\/hedman.legal\/wp-content\/uploads\/2023\/12\/kood-johvi-150x150.png\" alt=\"Kood j\u00f5hvi\" class=\"wp-image-19227\" srcset=\"https:\/\/hedman.legal\/wp-content\/uploads\/2023\/12\/kood-johvi-150x150.png 150w, https:\/\/hedman.legal\/wp-content\/uploads\/2023\/12\/kood-johvi.png 225w\" sizes=\"auto, (max-width: 150px) 100vw, 150px\" \/><\/figure>\n<\/div>\n\n\n<p class=\"testimanial-txt\">\u00d5pilased j\u00e4id v\u00e4ga rahule \u2013 vabavara litsentsidega seonduvad teemad olid huvitavad, Toomas Seppel ja Alex Luik k\u00e4sitlesid teemat ausalt ja k\u00fcsimustele vastati konkreetselt.<\/p>\n\n\n\n<p class=\"testimonail-nimi\">Kood\/J\u00f5hvi \u00f5pilased<\/p>\n<\/div>\n\n\n\n<div class=\"wp-block-cloudcatch-splide-carousel-item wp-block-splide-carousel__slide splide__slide\"><div class=\"wp-block-image\">\n<figure class=\" tb-image tb-image-dynamic tb-image-frame-none koolitus-testimonial-pilt aligncenter\" data-toolset-blocks-image=\"33d6002427f4634369a5da53beae65d9\"><img decoding=\"async\" width=\"150\" height=\"150\" loading=\"lazy\" src=\"https:\/\/hedman.legal\/wp-content\/uploads\/2023\/12\/elcogen-logo-150x150.jpg\" alt=\"\" class=\"wp-image-19230\" srcset=\"https:\/\/hedman.legal\/wp-content\/uploads\/2023\/12\/elcogen-logo-150x150.jpg 150w, https:\/\/hedman.legal\/wp-content\/uploads\/2023\/12\/elcogen-logo.jpg 200w\" sizes=\"auto, (max-width: 150px) 100vw, 150px\" \/><\/figure>\n<\/div>\n\n\n<p class=\"testimanial-txt\">Tagasiside koolitusele on v\u00e4ga hea. Osalejad j\u00e4id rahule ja ootavad j\u00e4tku (kuna m\u00f5ned teemad j\u00e4id katmata).<\/p>\n\n\n\n<p class=\"testimonail-nimi\">Kadri, People &amp; Culture, Elcogen<\/p>\n<\/div>\n<\/div><\/div><\/figure><\/div>\n<\/div>\n\n<div class=\"wp-block-toolset-blocks-container tb-container vali-koolitus\" data-toolset-blocks-container=\"3dee336ec2b49853a89f605c334fb10e\">\n<h2 class=\"wp-block-heading has-text-align-center\"><strong>Valige endale sobilik koolitus:<\/strong><\/h2>\n<\/div>\n","protected":false},"excerpt":{"rendered":"","protected":false},"author":2,"featured_media":0,"parent":0,"menu_order":0,"comment_status":"closed","ping_status":"closed","template":"","meta":{"_acf_changed":false,"_editorskit_title_hidden":false,"_editorskit_reading_time":0,"_editorskit_is_block_options_detached":false,"_editorskit_block_options_position":"{}","footnotes":""},"class_list":["post-19712","page","type-page","status-publish","hentry"],"acf":[],"_links":{"self":[{"href":"https:\/\/hedman.legal\/et\/wp-json\/wp\/v2\/pages\/19712","targetHints":{"allow":["GET"]}}],"collection":[{"href":"https:\/\/hedman.legal\/et\/wp-json\/wp\/v2\/pages"}],"about":[{"href":"https:\/\/hedman.legal\/et\/wp-json\/wp\/v2\/types\/page"}],"author":[{"embeddable":true,"href":"https:\/\/hedman.legal\/et\/wp-json\/wp\/v2\/users\/2"}],"replies":[{"embeddable":true,"href":"https:\/\/hedman.legal\/et\/wp-json\/wp\/v2\/comments?post=19712"}],"version-history":[{"count":2,"href":"https:\/\/hedman.legal\/et\/wp-json\/wp\/v2\/pages\/19712\/revisions"}],"predecessor-version":[{"id":21671,"href":"https:\/\/hedman.legal\/et\/wp-json\/wp\/v2\/pages\/19712\/revisions\/21671"}],"wp:attachment":[{"href":"https:\/\/hedman.legal\/et\/wp-json\/wp\/v2\/media?parent=19712"}],"curies":[{"name":"wp","href":"https:\/\/api.w.org\/{rel}","templated":true}]}}