{"id":20602,"date":"2025-07-15T14:01:05","date_gmt":"2025-07-15T14:01:05","guid":{"rendered":"https:\/\/hedman.legal\/newsletter\/"},"modified":"2025-07-15T15:08:08","modified_gmt":"2025-07-15T15:08:08","slug":"uudiskiri","status":"publish","type":"page","link":"https:\/\/hedman.legal\/et\/uudiskiri\/","title":{"rendered":"Newsletter"},"content":{"rendered":"<div class=\"lazyblock-newsletter-hero-2lyEXr wp-block-lazyblock-newsletter-hero\">\n<section class=\"newsletter-hero\">\n\t<div class=\"newsletter-hero__container\">\n\t\t<div class=\"newsletter-hero__text\">\n\t\t\t\t\t\t\t<h1><span>Ole \u00f5igusteemadel<\/span> sammu v\u00f5rra ees!<\/h1>\n\t\t\t\n\t\t\t\t\t\t\t<div class=\"newsletter-hero__content\">Hoia end kursis Hedmani ekspertide praktiliste ja ajakohaste n\u00f5uannetega \u00e4ri\u00f5iguse, andmekaitse, AI ja idusektori \u00f5igusk\u00fcsimustes.<\/div>\n\t\t\t\n\t\t\t<div class=\"newsletter-hero__klaviyo\">\n\t\t\t\t\t\t\t\t\t<div class=\"klaviyo-form-VLr2hG\"><\/div>\n\t\t\t\t\t\t\t<\/div>\n\t\t<\/div>\n\t\t<div class=\"newsletter-hero__right\">\n\t\t\t\t\t\t\t<img decoding=\"async\" src=\"https:\/\/hedman.legal\/wp-content\/uploads\/2025\/07\/newsletter-et.png\" alt=\"\">\n\t\t\t\n\t\t\t\t\t<\/div>\n\t<\/div>\n\n<\/section>\n<\/div>","protected":false},"excerpt":{"rendered":"","protected":false},"author":16,"featured_media":0,"parent":0,"menu_order":0,"comment_status":"closed","ping_status":"closed","template":"templates\/template-newsletter.php","meta":{"_acf_changed":false,"_editorskit_title_hidden":false,"_editorskit_reading_time":0,"_editorskit_is_block_options_detached":false,"_editorskit_block_options_position":"{}","footnotes":""},"class_list":["post-20602","page","type-page","status-publish","hentry"],"acf":[],"_links":{"self":[{"href":"https:\/\/hedman.legal\/et\/wp-json\/wp\/v2\/pages\/20602","targetHints":{"allow":["GET"]}}],"collection":[{"href":"https:\/\/hedman.legal\/et\/wp-json\/wp\/v2\/pages"}],"about":[{"href":"https:\/\/hedman.legal\/et\/wp-json\/wp\/v2\/types\/page"}],"author":[{"embeddable":true,"href":"https:\/\/hedman.legal\/et\/wp-json\/wp\/v2\/users\/16"}],"replies":[{"embeddable":true,"href":"https:\/\/hedman.legal\/et\/wp-json\/wp\/v2\/comments?post=20602"}],"version-history":[{"count":1,"href":"https:\/\/hedman.legal\/et\/wp-json\/wp\/v2\/pages\/20602\/revisions"}],"predecessor-version":[{"id":20603,"href":"https:\/\/hedman.legal\/et\/wp-json\/wp\/v2\/pages\/20602\/revisions\/20603"}],"wp:attachment":[{"href":"https:\/\/hedman.legal\/et\/wp-json\/wp\/v2\/media?parent=20602"}],"curies":[{"name":"wp","href":"https:\/\/api.w.org\/{rel}","templated":true}]}}